{"id":1071,"date":"2015-12-14T07:14:55","date_gmt":"2015-12-14T07:14:55","guid":{"rendered":"http:\/\/consulting.stylemixthemes.com\/?page_id=2"},"modified":"2026-01-12T14:13:45","modified_gmt":"2026-01-12T19:13:45","slug":"sample-page-2","status":"publish","type":"page","link":"https:\/\/telossaude.com\/","title":{"rendered":"Home"},"content":{"rendered":"<div class=\"wpb-content-wrapper\"><p>[vc_row][vc_column]\n\t\t\t\t<p class=\"rs-p-wp-fix\"><\/p>\n\t\t\t\t<sr7-module data-alias=\"main_slider\" data-id=\"1\" id=\"SR7_1_1\" class=\"rs-ov-hidden\" data-version=\"6.7.38\">\n\t\t\t\t\t<sr7-adjuster><\/sr7-adjuster>\n\t\t\t\t\t<sr7-content>\n\t\t\t\t\t\t<sr7-slide id=\"SR7_1_1-1\" data-key=\"1\">\n\t\t\t\t\t\t\t<sr7-bg id=\"SR7_1_1-1-11\" class=\"sr7-layer\"><noscript><img decoding=\"async\" src=\"https:\/\/telossaude.com\/wp-content\/uploads\/2025\/11\/t2.png\" alt=\"\" title=\"t2\"><\/noscript><\/sr7-bg>\n\t\t\t\t\t\t\t<sr7-txt id=\"SR7_1_1-1-1\" class=\"sr7-layer\">Bem-vindo(a) \u00e0<br>\n TELOSSAUDE<\/sr7-txt>\n\t\t\t\t\t\t\t<sr7-txt id=\"SR7_1_1-1-8\" class=\"sr7-layer\">CONSULTORIA EM MEDICINA E SA\u00daDE  P\u00daBLICA.<\/sr7-txt>\n\t\t\t\t\t\t\t<a id=\"SR7_1_1-1-10\" class=\"sr7-layer\" href=\"\/osaka\/services\/\" target=\"_self\">Saiba Mais <i class=\" fa fa-chevron-right stm_icon\" style=\"font-size: 14px; margin-left: 10px; color: #fff;\"><\/i><\/a>\n\t\t\t\t\t\t<\/sr7-slide>\n\t\t\t\t\t\t<sr7-slide id=\"SR7_1_1-2\" data-key=\"2\">\n\t\t\t\t\t\t\t<sr7-bg id=\"SR7_1_1-2-9\" class=\"sr7-layer\"><noscript><img decoding=\"async\" src=\"https:\/\/telossaude.com\/wp-content\/uploads\/2025\/11\/t1.png\" alt=\"\" title=\"t1\"><\/noscript><\/sr7-bg>\n\t\t\t\t\t\t\t<sr7-txt id=\"SR7_1_1-2-8\" class=\"sr7-layer\">Um espa\u00e7o de cuidado integrativo, escuta ativa e solu\u00e7\u00f5es adaptadas \u00e0 sua realidade.<\/sr7-txt>\n\t\t\t\t\t\t<\/sr7-slide>\n\t\t\t\t\t\t<sr7-slide id=\"SR7_1_1-7\" data-key=\"7\">\n\t\t\t\t\t\t<\/sr7-slide>\n\t\t\t\t\t<\/sr7-content>\n\t\t\t\t\t<image_lists style=\"display:none\">\n\t\t\t\t\t\t<img data-src=\"\/\/telossaude.com\/wp-content\/uploads\/2025\/11\/t2.png\" data-libid=\"100109\" data-lib=\"medialibrary\" title=\"t2\" width=\"0\" height=\"0\" data-dbsrc=\"Ly90ZWxvc3NhdWRlLmNvbS93cC1jb250ZW50L3VwbG9hZHMvMjAyNS8xMS90Mi5wbmc=\"\/>\n\t\t\t\t\t\t<img data-src=\"\/\/telossaude.com\/wp-content\/uploads\/2025\/11\/t1.png\" data-libid=\"100108\" data-lib=\"medialibrary\" title=\"t1\" width=\"0\" height=\"0\" data-dbsrc=\"Ly90ZWxvc3NhdWRlLmNvbS93cC1jb250ZW50L3VwbG9hZHMvMjAyNS8xMS90MS5wbmc=\"\/>\n\t\t\t\t\t<\/image_lists>\n\t\t\t\t<\/sr7-module>\n\t\t\t\t<script>\n\t\t\t\t\tSR7.PMH ??={}; SR7.PMH[\"SR7_1_1\"] = {cn:100,state:false,fn: function() { if (_tpt!==undefined && _tpt.prepareModuleHeight !== undefined) {  _tpt.prepareModuleHeight({id:\"SR7_1_1\",el:[900,900,500,500,600],type:'standard',shdw:'0',gh:[900,900,500,500,600],gw:[1140,1140,1024,778,480],vpt:['-100px&#039;,&#039;-100px&#039;,&#039;-100px&#039;,&#039;-100px&#039;,&#039;-100px'],size:{fullWidth:true, fullHeight:false},mh:'0',onh:0,onw:0,bg:{color:'{\"orig\":\"transparent\",\"type\":\"solid\",\"string\":\"transparent\"}'},plType:'0',plColor:'#FFFFFF'});   SR7.PMH[\"SR7_1_1\"].state=true;} else if(SR7.PMH[\"SR7_1_1\"].cn-->0)\tsetTimeout( SR7.PMH[\"SR7_1_1\"].fn,19);}};SR7.PMH[\"SR7_1_1\" ].fn();\n\t\t\t\t<\/script>\n[stm_spacing lg_spacing=&#8221;100&#8243; md_spacing=&#8221;80&#8243; sm_spacing=&#8221;60&#8243; xs_spacing=&#8221;30&#8243;][\/vc_column][\/vc_row][vc_row css=&#8221;.vc_custom_1724934338378{background-image: url(\/wp-content\/uploads\/2024\/08\/osaka-map.jpg?id=7058) !important;background-position: center !important;background-repeat: no-repeat !important;background-size: cover !important;}&#8221;][vc_column width=&#8221;1\/2&#8243;][stm_spacing lg_spacing=&#8221;84&#8243; md_spacing=&#8221;60&#8243; sm_spacing=&#8221;40&#8243;][vc_custom_heading stripe_pos=&#8221;hide&#8221; text=&#8221;Quem Somos&#8221; use_theme_fonts=&#8221;yes&#8221; css=&#8221;&#8221; el_class=&#8221;hide_indents&#8221;][stm_spacing lg_spacing=&#8221;10&#8243;][vc_column_text css=&#8221;&#8221;]<strong>Sou Ana Charles, m\u00e9dica e consultora em sa\u00fade p\u00fablica com mais de 25 anos de experi\u00eancia.<\/strong><\/p>\n<p>Aqui, voc\u00ea encontra apoio cl\u00ednico, mentoria em estilos de vida saud\u00e1veis, e consultoria estrat\u00e9gica para transformar a sua sa\u00fade com consci\u00eancia e a\u00e7\u00e3o.[\/vc_column_text][vc_row_inner][vc_column_inner width=&#8221;1\/2&#8243;][vc_column_text css=&#8221;&#8221;]<strong>Ana Charles<\/strong><\/p>\n<p>CEO Manager[\/vc_column_text][\/vc_column_inner][vc_column_inner width=&#8221;1\/2&#8243;][vc_single_image image=&#8221;100205&#8243; img_size=&#8221;full&#8221; css=&#8221;&#8221;][\/vc_column_inner][\/vc_row_inner][stm_spacing lg_spacing=&#8221;86&#8243; md_spacing=&#8221;60&#8243; sm_spacing=&#8221;50&#8243; xs_spacing=&#8221;40&#8243;][\/vc_column][vc_column width=&#8221;1\/2&#8243;][stm_spacing lg_spacing=&#8221;50&#8243; md_spacing=&#8221;40&#8243; sm_spacing=&#8221;0&#8243; xs_spacing=&#8221;0&#8243;][vc_single_image image=&#8221;100108&#8243; img_size=&#8221;full&#8221; alignment=&#8221;center&#8221; css=&#8221;&#8221;][stm_spacing lg_spacing=&#8221;86&#8243; md_spacing=&#8221;60&#8243; sm_spacing=&#8221;50&#8243; xs_spacing=&#8221;40&#8243;][\/vc_column][\/vc_row][vc_row][vc_column][vc_custom_heading stripe_pos=&#8221;hide&#8221; text=&#8221;O que Fazemos&#8221; font_container=&#8221;tag:h2|text_align:center&#8221; use_theme_fonts=&#8221;yes&#8221; css=&#8221;&#8221; el_class=&#8221;hide_indents&#8221;][stm_spacing lg_spacing=&#8221;60&#8243; md_spacing=&#8221;50&#8243; sm_spacing=&#8221;40&#8243; xs_spacing=&#8221;40&#8243;][vc_row_inner css=&#8221;.vc_custom_1570081655309{padding-right: 15px !important;padding-left: 15px !important;}&#8221;][vc_column_inner el_class=&#8221;secondary_bg_color br-bot-right&#8221; width=&#8221;1\/3&#8243; css=&#8221;.vc_custom_1570101665238{padding-top: 25px !important;padding-right: 40px !important;padding-bottom: 25px !important;padding-left: 40px !important;}&#8221;][vc_column_text css=&#8221;&#8221;]<\/p>\n<h3><span style=\"color: #ffffff;\">Sa\u00fade emocional e escuta<\/span><\/h3>\n<p><span style=\"color: #ffffff;\">\u2022 \u201cVoc\u00ea sente que \u00e9 ouvido(a) nas suas consultas m\u00e9dicas?\u201d<\/span><br \/>\n<span style=\"color: #ffffff;\">\u2022 \u201cO que voc\u00ea gostaria que um profissional de sa\u00fade perguntasse antes de te orientar?\u201d<\/span><br \/>\n<span style=\"color: #ffffff;\">\u2022 \u201cQual foi a \u00faltima vez que voc\u00ea se sentiu verdadeiramente escutado(a)?\u201d<\/span><\/p>\n<p>[\/vc_column_text][\/vc_column_inner][vc_column_inner el_class=&#8221;secondary_bg_color br-bot-right&#8221; width=&#8221;1\/3&#8243; css=&#8221;.vc_custom_1765312974036{padding-top: 25px !important;padding-right: 40px !important;padding-bottom: 25px !important;padding-left: 40px !important;}&#8221;][vc_column_text css=&#8221;&#8221;]<\/p>\n<h3><span style=\"color: #ffffff;\">Estilo de vida e autocuidado<\/span><\/h3>\n<p><span style=\"color: #ffffff;\">\u2022 \u201cQual h\u00e1bito voc\u00ea gostaria de transformar com mais leveza?;<\/span><br \/>\n<span style=\"color: #ffffff;\">\u2022 \u201cO que te impede de cuidar mais de si neste momento?<\/span><br \/>\n<span style=\"color: #ffffff;\">\u2022 \u201cSe voc\u00ea tivesse 10 minutos por dia s\u00f3 para voc\u00ea, o que faria?\u201d<\/span>[\/vc_column_text][\/vc_column_inner][vc_column_inner el_class=&#8221;secondary_bg_color br-bot-right&#8221; width=&#8221;1\/3&#8243; css=&#8221;.vc_custom_1765312992925{padding-top: 25px !important;padding-right: 40px !important;padding-bottom: 25px !important;padding-left: 40px !important;}&#8221;][vc_column_text css=&#8221;&#8221;]<\/p>\n<h3><span style=\"color: #ffffff;\">Pr\u00e1ticas integrativas<\/span><\/h3>\n<p><span style=\"color: #ffffff;\">\u2022 \u201cVoc\u00ea j\u00e1 experimentou alguma pr\u00e1tica natural para aliviar o stress?\u201d;<\/span><br \/>\n<span style=\"color: #ffffff;\">\u2022 \u201cQual planta medicinal faz parte da sua hist\u00f3ria familiar?\u201d<\/span><br \/>\n<span style=\"color: #ffffff;\">\u2022 \u201cVoc\u00ea acredita que sa\u00fade e natureza est\u00e3o conectadas?\u201d\u201d<\/span>[\/vc_column_text][\/vc_column_inner][\/vc_row_inner][stm_spacing lg_spacing=&#8221;90&#8243; md_spacing=&#8221;80&#8243; sm_spacing=&#8221;70&#8243;][\/vc_column][\/vc_row][vc_row][vc_column][vc_custom_heading stripe_pos=&#8221;hide&#8221; text=&#8221;Nossos Pilares ( 4Cs)&#8221; font_container=&#8221;tag:h2|text_align:center&#8221; use_theme_fonts=&#8221;yes&#8221; css=&#8221;&#8221; el_class=&#8221;hide_indents&#8221;][stm_spacing lg_spacing=&#8221;60&#8243; md_spacing=&#8221;50&#8243; sm_spacing=&#8221;40&#8243; xs_spacing=&#8221;40&#8243;][stm_works cols=&#8221;4&#8243;][stm_spacing lg_spacing=&#8221;90&#8243; md_spacing=&#8221;80&#8243; sm_spacing=&#8221;70&#8243;][\/vc_column][\/vc_row][vc_row][vc_column][vc_custom_heading stripe_pos=&#8221;hide&#8221; text=&#8221;Nossos Servi\u00e7os&#8221; font_container=&#8221;tag:h2|text_align:center&#8221; use_theme_fonts=&#8221;yes&#8221; css=&#8221;&#8221; el_class=&#8221;hide_indents&#8221;][stm_spacing lg_spacing=&#8221;17&#8243; md_spacing=&#8221;15&#8243; sm_spacing=&#8221;15&#8243; xs_spacing=&#8221;15&#8243;][stm_services posts_per_page=&#8221;8&#8243; posts_per_row=&#8221;4&#8243;][stm_spacing lg_spacing=&#8221;56&#8243; md_spacing=&#8221;50&#8243; sm_spacing=&#8221;40&#8243;][\/vc_column][\/vc_row][vc_row full_width=&#8221;stretch_row&#8221; css=&#8221;.vc_custom_1724934534497{background-image: url(\/wp-content\/uploads\/2024\/08\/osaka-advisors.jpg?id=7054) !important;background-position: center !important;background-repeat: no-repeat !important;background-size: contain !important;}&#8221;][vc_column][vc_custom_heading stripe_pos=&#8221;hide&#8221; text=&#8221;Nossos Especialistas&#8221; font_container=&#8221;tag:h2|text_align:center&#8221; use_theme_fonts=&#8221;yes&#8221; css=&#8221;&#8221; el_class=&#8221;hide_indents&#8221; subtitle=&#8221;Encontre nossos especialistas qualificados&#8221;][vc_row_inner][vc_column_inner][stm_spacing lg_spacing=&#8221;48&#8243; md_spacing=&#8221;40&#8243; sm_spacing=&#8221;40&#8243; xs_spacing=&#8221;40&#8243;][stm_staff_list style=&#8221;grid&#8221; grid_view=&#8221;short&#8221; per_row=&#8221;3&#8243; count=&#8221;5&#8243; show_custom_link=&#8221;&#8221;][stm_spacing lg_spacing=&#8221;57&#8243; md_spacing=&#8221;40&#8243; sm_spacing=&#8221;30&#8243;][\/vc_column_inner][\/vc_row_inner][\/vc_column][\/vc_row][vc_row][vc_column][stm_spacing lg_spacing=&#8221;100&#8243; md_spacing=&#8221;80&#8243; sm_spacing=&#8221;70&#8243; xs_spacing=&#8221;60&#8243;][\/vc_column][\/vc_row][vc_row][vc_column el_class=&#8221;br-bot-right&#8221; css=&#8221;.vc_custom_1570173311910{padding-top: 60px !important;padding-right: 40px !important;padding-bottom: 60px !important;padding-left: 40px !important;background-color: #2d2f44 !important;}&#8221; offset=&#8221;vc_col-lg-7 vc_col-md-6&#8243;][vc_custom_heading stripe_pos=&#8221;hide&#8221; text=&#8221;Perguntas Frequentes&#8221; font_container=&#8221;tag:h2|text_align:left|color:%23ffffff&#8221; use_theme_fonts=&#8221;yes&#8221; css=&#8221;&#8221; el_class=&#8221;hide_indents&#8221;][stm_spacing lg_spacing=&#8221;39&#8243; md_spacing=&#8221;20&#8243; sm_spacing=&#8221;15&#8243; xs_spacing=&#8221;15&#8243;][vc_row_inner css=&#8221;.vc_custom_1570173475144{margin-bottom: 28px !important;}&#8221;][vc_column_inner width=&#8221;1\/2&#8243;][stm_icon_box box_style=&#8221;style_3&#8243; icon=&#8221;stm-davos_heart&#8221; icon_size=&#8221;24&#8243; icon_color=&#8221;secondary&#8221; css=&#8221;.vc_custom_1765233410794{padding-left: 3px !important;}&#8221;]<\/p>\n<h5><span style=\"color: #ffffff;\"><strong>1. Como funcionam as consultas online?<\/strong><\/span><\/h5>\n<p><span style=\"color: #ffffff;\">Voc\u00ea agenda via formul\u00e1rio ou por whatsaap.<\/span>[\/stm_icon_box][\/vc_column_inner][vc_column_inner width=&#8221;1\/2&#8243;][stm_icon_box box_style=&#8221;style_3&#8243; icon=&#8221;stm-stm14_health&#8221; icon_size=&#8221;24&#8243; icon_color=&#8221;secondary&#8221; css=&#8221;.vc_custom_1765233647465{padding-left: 3px !important;}&#8221;]<\/p>\n<h5><span style=\"color: #ffffff;\"><strong>2.Posso combinar servi\u00e7os?<\/strong><\/span><\/h5>\n<p><span style=\"color: #ffffff;\">Sim! Muitos clientes optam por mentoria + consulta cl\u00ednica ou plano de sa\u00fade + visita domiciliar.<\/span>[\/stm_icon_box][\/vc_column_inner][\/vc_row_inner][vc_row_inner][vc_column_inner width=&#8221;1\/2&#8243;][stm_icon_box box_style=&#8221;style_3&#8243; icon=&#8221;stm-kuala-mental-health&#8221; icon_size=&#8221;24&#8243; icon_color=&#8221;secondary&#8221; css=&#8221;.vc_custom_1765315453236{padding-left: 3px !important;}&#8221;]<\/p>\n<h5><span style=\"color: #ffffff;\"><strong>3. Os servi\u00e7os s\u00e3o pagos?<\/strong><\/span><\/h5>\n<p><span style=\"color: #ffffff;\">Sim, com valores acess\u00edveis e possibilidade de pacotes. Solicite or\u00e7amento personalizado.<\/span>[\/stm_icon_box][\/vc_column_inner][vc_column_inner width=&#8221;1\/2&#8243;][stm_icon_box box_style=&#8221;style_3&#8243; icon=&#8221;stm-stm14_health&#8221; icon_size=&#8221;24&#8243; icon_color=&#8221;secondary&#8221; css=&#8221;.vc_custom_1765234038336{padding-left: 3px !important;}&#8221;]<\/p>\n<h5><span style=\"color: #ffffff;\"><strong>4. Atende crian\u00e7as e idosos?<\/strong><\/span><\/h5>\n<p><span style=\"color: #ffffff;\">Sim,com abordagem adaptada \u00e0 faixa et\u00e1ria e contexto familiar.<\/span>[\/stm_icon_box][\/vc_column_inner][\/vc_row_inner][vc_row_inner][vc_column_inner width=&#8221;1\/2&#8243;][stm_icon_box box_style=&#8221;style_3&#8243; icon=&#8221;stm-kuala-mental-health&#8221; icon_size=&#8221;24&#8243; icon_color=&#8221;secondary&#8221; css=&#8221;.vc_custom_1765315367046{padding-left: 3px !important;}&#8221;]<\/p>\n<h5><span style=\"color: #ffffff;\"><strong>5.Nossos Valores<\/strong><\/span><\/h5>\n<p><span style=\"color: #ffffff;\">Consci\u00eancia, empatia, evid\u00eancia, respeito ao contexto e sustentabilidade.<\/span>[\/stm_icon_box][\/vc_column_inner][vc_column_inner width=&#8221;1\/2&#8243;][stm_icon_box box_style=&#8221;style_3&#8243; icon=&#8221;stm-stm14_health&#8221; icon_size=&#8221;24&#8243; icon_color=&#8221;secondary&#8221; css=&#8221;.vc_custom_1765315974198{padding-left: 3px !important;}&#8221;]<\/p>\n<h5><span style=\"color: #ffffff;\"><strong>6. Como Trabalhamos<\/strong><\/span><\/h5>\n<p><span style=\"color: #ffffff;\">\u2022Escuta e diagn\u00f3stico contextual;<\/span><\/p>\n<p><span style=\"color: #ffffff;\">\u2022Co cria\u00e7\u00e3o de solu\u00e7\u00f5es com comunidade\/cliente;<\/span><\/p>\n<p><span style=\"color: #ffffff;\">\u2022Implementa\u00e7\u00e3o pr\u00e1tica e forma\u00e7\u00e3o local;<\/span><\/p>\n<p><span style=\"color: #ffffff;\">\u2022\u2022Monitoria adaptativa e aprendizado cont\u00ednuo<\/span><\/p>\n<p>[\/stm_icon_box][\/vc_column_inner][\/vc_row_inner][\/vc_column][vc_column css=&#8221;.vc_custom_1570173422292{padding-top: 60px !important;padding-right: 25px !important;padding-left: 30px !important;}&#8221; offset=&#8221;vc_col-lg-5 vc_col-md-6&#8243;][stm_spacing lg_spacing=&#8221;39&#8243; md_spacing=&#8221;20&#8243; sm_spacing=&#8221;15&#8243; xs_spacing=&#8221;15&#8243;][\/vc_column][\/vc_row][vc_row][vc_column][stm_spacing lg_spacing=&#8221;100&#8243; md_spacing=&#8221;80&#8243; sm_spacing=&#8221;70&#8243; xs_spacing=&#8221;60&#8243;][\/vc_column][\/vc_row][vc_row][vc_column][stm_spacing lg_spacing=&#8221;60&#8243; md_spacing=&#8221;50&#8243; sm_spacing=&#8221;40&#8243; xs_spacing=&#8221;40&#8243;][stm_testimonials_carousel style=&#8221;style_2&#8243; count=&#8221;3&#8243; per_row=&#8221;2&#8243;][stm_spacing lg_spacing=&#8221;120&#8243; md_spacing=&#8221;100&#8243; sm_spacing=&#8221;80&#8243; xs_spacing=&#8221;70&#8243;][\/vc_column][\/vc_row][vc_row full_width=&#8221;stretch_row&#8221; css=&#8221;.vc_custom_1570179854715{margin-top: -110px !important;background-color: #2d2f44 !important;}&#8221;][vc_column][stm_spacing lg_spacing=&#8221;110&#8243; md_spacing=&#8221;110&#8243; sm_spacing=&#8221;110&#8243; xs_spacing=&#8221;110&#8243;][\/vc_column][\/vc_row]<\/p>\n<\/div>","protected":false},"excerpt":{"rendered":"<p>[vc_row][vc_column][stm_spacing lg_spacing=&#8221;100&#8243; md_spacing=&#8221;80&#8243; sm_spacing=&#8221;60&#8243; xs_spacing=&#8221;30&#8243;][\/vc_column][\/vc_row][vc_row css=&#8221;.vc_custom_1724934338378{background-image: url(\/wp-content\/uploads\/2024\/08\/osaka-map.jpg?id=7058) !important;background-position: center !important;background-repeat: no-repeat !important;background-size: cover !important;}&#8221;][vc_column width=&#8221;1\/2&#8243;][stm_spacing lg_spacing=&#8221;84&#8243; md_spacing=&#8221;60&#8243; sm_spacing=&#8221;40&#8243;][vc_custom_heading stripe_pos=&#8221;hide&#8221; text=&#8221;Quem Somos&#8221; use_theme_fonts=&#8221;yes&#8221; css=&#8221;&#8221; el_class=&#8221;hide_indents&#8221;][stm_spacing lg_spacing=&#8221;10&#8243;][vc_column_text css=&#8221;&#8221;]Sou Ana Charles, m\u00e9dica e consultora em sa\u00fade p\u00fablica com mais de 25 anos de experi\u00eancia. Aqui, voc\u00ea encontra apoio cl\u00ednico, mentoria em estilos de vida saud\u00e1veis, e consultoria estrat\u00e9gica<\/p>\n","protected":false},"author":1,"featured_media":0,"parent":0,"menu_order":0,"comment_status":"closed","ping_status":"closed","template":"","meta":{"footnotes":""},"class_list":["post-1071","page","type-page","status-publish","hentry"],"_links":{"self":[{"href":"https:\/\/telossaude.com\/index.php\/wp-json\/wp\/v2\/pages\/1071","targetHints":{"allow":["GET"]}}],"collection":[{"href":"https:\/\/telossaude.com\/index.php\/wp-json\/wp\/v2\/pages"}],"about":[{"href":"https:\/\/telossaude.com\/index.php\/wp-json\/wp\/v2\/types\/page"}],"author":[{"embeddable":true,"href":"https:\/\/telossaude.com\/index.php\/wp-json\/wp\/v2\/users\/1"}],"replies":[{"embeddable":true,"href":"https:\/\/telossaude.com\/index.php\/wp-json\/wp\/v2\/comments?post=1071"}],"version-history":[{"count":71,"href":"https:\/\/telossaude.com\/index.php\/wp-json\/wp\/v2\/pages\/1071\/revisions"}],"predecessor-version":[{"id":100283,"href":"https:\/\/telossaude.com\/index.php\/wp-json\/wp\/v2\/pages\/1071\/revisions\/100283"}],"wp:attachment":[{"href":"https:\/\/telossaude.com\/index.php\/wp-json\/wp\/v2\/media?parent=1071"}],"curies":[{"name":"wp","href":"https:\/\/api.w.org\/{rel}","templated":true}]}}